{"id":2265,"date":"2016-12-21T22:04:45","date_gmt":"2016-12-21T21:04:45","guid":{"rendered":"http:\/\/www.bauingenieure.it\/?page_id=2265"},"modified":"2017-01-03T16:37:50","modified_gmt":"2017-01-03T15:37:50","slug":"datenschutz","status":"publish","type":"page","link":"https:\/\/www.bauingenieure.it\/it\/start\/privacy\/","title":{"rendered":"Privacy"},"content":{"rendered":"<p><\/p>\n<p class=\"bodytext\"><em>Informazione obbligatoria ai sensi del Regolamento UE n. 524\/2016 del Parlamento europeo e del Consiglio<br \/>\nPiattaforma per la risoluzione delle controversie online dei consumatori (ODR) della Commissione europea: <\/em><a href=\"https:\/\/www.hgv.it\/index.php?id=1516&amp;rid=t_1649&amp;mid=5572&amp;aC=1b8cd637&amp;jumpurl=2\" target=\"_blank\"><em>https:\/\/ec.europa.eu\/consumers\/odr\/<\/em><\/a><\/p>\n<h2>Direttiva Cookie<\/h2>\n<p class=\"bodytext\">La normativa dell&#8217;Unione Europea 2009\/136\/EG (E-Privacy) regola l&#8217;uso dei cookie sui siti web. Questa normativa \u00e8 stata introdotta nella legge italiana il 25 maggio 2012.<br \/>\nCosa sono i cookie?<br \/>\nUn cookie \u00e8 un breve testo inviato al tuo browser da un sito web visitato. Consente al sito di memorizzare informazioni sulla tua visita, come la tua lingua preferita e altre impostazioni. I cookie si possono suddividere prevalentemente in due gruppi:<br \/>\nCookie tecnici: Questi cookie servono a memorizzare dati neccessari per agevolare la navigazione o per fornire un servizio richiesto dall&#8217;utente. Senza questi cookie una parte del sito potrebbe non funzionare correttamente.<br \/>\nCookie di profilazione: Questi cookie vengono usati per tracciare la navigazione dell&#8217;utente in Internet e creare profili sui suoi interessi, abitudini, scelte, ecc. Con questi cookie \u00e8 possibile mostrare messaggi pubblicitari o prodotti in linea con i dati raccolti.<\/p>\n<p class=\"bodytext\">Come utilizziamo i cookie?<br \/>\nNoi utilizziamo cookie per migliorare l&#8217;esperienza utente. Inoltre utilizziamo servizi di terze parti per tracciare la navigazione dell&#8217;utente sul nostro sito web e per registrare i contenuti per i quali si sta interessando. Anche questi servizi memorizzano cookie sul dispositivo dell&#8217;utente.<\/p>\n<p class=\"bodytext\">Come si possono disabilitare i cookie?<br \/>\nTramite le impostazioni del browser si pu\u00f2 disabilitare o cancellare l&#8217;uso dei cookie. La disabilitazione dei cookie pu\u00f2 risultare in un funzionamento limitato o errato di alcuni siti web.<\/p>\n<p class=\"bodytext\">Su questo sito non viene fatto uso di cookies per la trasmissione di informazioni di carattere personale, vengono utilizzati i cookies persistenti a soli scopi per facilitare la navigazione, ma in nessun modo per il tracciamento degli utenti.<\/p>\n<p class=\"bodytext\">L\u2019utilizzo di cookie permanenti \u00e8 strettamente limitato al salvataggio della lingua scelta e all\u2019acquisizione dei dati statistici utili a comprendere il livello di utilizzo del proprio sito, in particolare utilizza Google Analytics , un servizio di analisi web di Google, che impiega cookie a scopi statistici, raccogliendo informazioni in forma aggregata, senza associare l\u2019indirizzo IP di navigazione dell\u2019utente a nessun altro dato posseduto da Google stessa, vietando il monitoraggio o la raccolta di informazioni personali mediante l\u2019uso di Google Analytics o l\u2019associazione di queste alle informazioni sull\u2019analisi dei dati web.<\/p>\n<p class=\"bodytext\">Si rinvia in particolare al<a href=\"https:\/\/www.google.it\/privacypolicy.html\" target=\"_blank\">\u00a0documento relativo alle Norme generiche sulla privacy<\/a>\u00a0 e al\u00a0<a href=\"https:\/\/www.google.com\/intl\/it\/policies\/\" target=\"_blank\">documento specifico in merito all\u2019utilizzo delle informazioni<\/a>\u00a0raccolte con Google Analytics.<\/p>\n<p class=\"bodytext\">Questi cookie perseguono esclusivamente scopi statistici e raccolgono informazioni in sola forma aggregata.<\/p>\n<h2>Privacy policy<\/h2>\n<p class=\"bodytext\">Informativa ai sensi del D.Lgs. 30.06.2003 \u201cCodice in materia di protezione dei dati personali\u201d<br \/>\nAi sensi dell\u2019art. 13 del D.Lgs. 30 giugno 2003 nr. 196, si informa che i dati personali forniti volontariamente o in forma obbligatoria via e-mail, fax, posta e\/o telefono saranno raccolti e trattati da Dott.ing. Philipp Gamper o Dott.ing. Thomas Unterweger\u00a0 per le finalit\u00e0 sotto riportate.<\/p>\n<p>Nell\u2019ambito delle disposizioni di legge, la nostra ditta garantisce che il trattamento dei dati personali si svolge nel pieno rispetto dei diritti e delle libert\u00e0 fondamentali, nonch\u00e9 della dignit\u00e0 dell\u2019interessato, con particolare riferimento alla riservatezza, all\u2019identit\u00e0 personale e al diritto alla protezione dei dati personali.<\/p>\n<p class=\"bodytext\">Finalit\u00e0 del trattamento dei dati personali:<br \/>\nAdempiere agli obblighi di legge, ai regolamenti, alle normative comunitarie, alle norme civili e fiscali<br \/>\nAdempiere agli eventuali obblighi contrattuali nei confronti dell&#8217;interessato<br \/>\nAdempiere ad attivit\u00e0 connesse all&#8217;attivit\u00e0 economica della nostra ditta, quali la compilazione di anagrafiche e statistiche interne, la fatturazione e la tenuta della contabilit\u00e0 clienti-fornitori<br \/>\nFinalit\u00e0 di tipo commerciale, come l&#8217;invio di informazioni commerciali e materiale pubblicitario (tramite posta, fax ed e-mail), attivit\u00e0 di marketing e ricerche di mercato<br \/>\nLa tutela dei crediti e la gestione dei debiti<br \/>\nAdempiere all&#8217;obbligo di notifica presso il comune, gli enti pubblici e le autorit\u00e0 pubbliche delle persone alloggiate presso la nostra struttura.<br \/>\nIn riferimento alle finalit\u00e0 di cui sopra, i dati personali saranno comunicati, se necessario:<\/p>\n<p>Alle Pubbliche Amministrazioni e Autorit\u00e0, ove previsto dalla legge<br \/>\nA tutte quelle persone fisiche e\/o giuridiche, pubbliche e\/o private (studi di consulenza legale, amministrativa e fiscale, uffici giudiziari, Camere di commercio ecc.), qualora la trasmissione dei dati risulti necessaria o funzionale allo svolgimento della nostra attivit\u00e0, nei modi e per le finalit\u00e0 sopra elencate.<br \/>\nI dati personali trattati non sono soggetti a diffusione a terzi.<\/p>\n<p>Il trattamento potr\u00e0 effettuarsi con o senza l\u2019ausilio di mezzi elettronici e, comunque, automatizzati e comprender\u00e0 tutte le operazioni previste all\u2019art. 4 comma 1, lettera a, D.Lgs. 30 giugno 2003 nr. 196 e necessarie al trattamento in questione (qualunque operazione o complesso di operazioni concernenti la raccolta, la registrazione, l\u2019organizzazione, la conservazione, l\u2019elaborazione, la modifica, la selezione, l\u2019estrazione, il raffronto, l\u2019utilizzo, l\u2019interconnessione, il blocco, la comunicazione, la diffusione, la cancellazione e la distruzione dei dati). In ogni caso il trattamento sar\u00e0 effettuato nell\u2019osservanza di ogni misura precauzionale, che ne garantir\u00e0 la sicurezza e la riservatezza.<\/p>\n<p>Il Codice della Privacy assicura agli interessati l\u2019esercizio di diritti specifici di cui all\u2019art. 7. In particolare, la persona interessata ha il diritto di sapere quali dati personali sono in possesso del titolare e di avere accesso a essi in forma intelligibile. L\u2019interessato pu\u00f2 altres\u00ec chiedere di conoscere l\u2019origine dei dati, le finalit\u00e0 e le modalit\u00e0 del loro trattamento nonch\u00e9 la logica applicata in caso di trattamento effettuato con l\u2019ausilio di strumenti elettronici. Pu\u00f2 altres\u00ec richiedere informazioni sugli estremi identificativi del titolare, dei responsabili e dei rappresentanti nominati e dei soggetti e categorie di soggetti ai quali i dati possono essere comunicati o che possono accedere a essi. L\u2019interessato ha il diritto di aggiornare, rettificare, integrare, cancellare, bloccare o rendere anonimi i propri dati qualora il loro trattamento non avvenga secondo le disposizioni previste dalla legge. Pu\u00f2 inoltre opporsi, in tutto o in parte e per motivi legittimi, al trattamento dei propri dati personali, allorch\u00e9 questi siano utilizzati per finalit\u00e0 commerciali, per l\u2019invio di materiale pubblicitario, per la vendita diretta, per ricerche di mercato o sondaggi d\u2019opinione.<\/p>\n<p>I diritti in oggetto possono essere esercitati dall&#8217;interessato o da una persona da esso\/a incaricata, mediante richiesta scritta indirizzata ai responsabili nominati Dott.ing. Philipp Gamper o Dott.ing. Thomas Unterweger per mezzo lettera raccomandata o e-mail all&#8217;indirizzo: info@bauingenieure.it<\/p>\n<p>Il titolare del trattamento dei dati in oggetto \u00e8:<\/p>\n<p class=\"bodytext\">Dott.ing. Philipp Gamper<br \/>\nDott.ing. Thomas Unterweger<\/p>\n<p><\/p>","protected":false},"excerpt":{"rendered":"<p>Informazione obbligatoria ai sensi del Regolamento UE n. 524\/2016 del Parlamento europeo e del Consiglio Piattaforma per la risoluzione delle controversie online dei consumatori (ODR) della Commissione europea: https:\/\/ec.europa.eu\/consumers\/odr\/ Direttiva Cookie La normativa dell&#8217;Unione Europea 2009\/136\/EG (E-Privacy) regola l&#8217;uso dei cookie sui siti web. Questa normativa \u00e8 stata introdotta nella legge italiana il 25 maggio [&hellip;]<\/p>\n","protected":false},"author":1,"featured_media":0,"parent":230,"menu_order":2,"comment_status":"closed","ping_status":"closed","template":"","meta":{"footnotes":""},"_links":{"self":[{"href":"https:\/\/www.bauingenieure.it\/it\/wp-json\/wp\/v2\/pages\/2265"}],"collection":[{"href":"https:\/\/www.bauingenieure.it\/it\/wp-json\/wp\/v2\/pages"}],"about":[{"href":"https:\/\/www.bauingenieure.it\/it\/wp-json\/wp\/v2\/types\/page"}],"author":[{"embeddable":true,"href":"https:\/\/www.bauingenieure.it\/it\/wp-json\/wp\/v2\/users\/1"}],"replies":[{"embeddable":true,"href":"https:\/\/www.bauingenieure.it\/it\/wp-json\/wp\/v2\/comments?post=2265"}],"version-history":[{"count":7,"href":"https:\/\/www.bauingenieure.it\/it\/wp-json\/wp\/v2\/pages\/2265\/revisions"}],"predecessor-version":[{"id":2277,"href":"https:\/\/www.bauingenieure.it\/it\/wp-json\/wp\/v2\/pages\/2265\/revisions\/2277"}],"up":[{"embeddable":true,"href":"https:\/\/www.bauingenieure.it\/it\/wp-json\/wp\/v2\/pages\/230"}],"wp:attachment":[{"href":"https:\/\/www.bauingenieure.it\/it\/wp-json\/wp\/v2\/media?parent=2265"}],"curies":[{"name":"wp","href":"https:\/\/api.w.org\/{rel}","templated":true}]}}